{"id":2819,"date":"2013-01-25T09:10:56","date_gmt":"2013-01-25T08:10:56","guid":{"rendered":"http:\/\/www.vontrompka.com\/blog\/?page_id=2819"},"modified":"2013-09-11T17:18:18","modified_gmt":"2013-09-11T15:18:18","slug":"intercontinentals","status":"publish","type":"page","link":"https:\/\/www.vontrompka.com\/blog\/intercontinentals\/","title":{"rendered":"intercontinentals"},"content":{"rendered":"<p>kt\u00f3rzy klikani:<\/p>\n<div id=\"cloudlink\">\n<a href=\"http:\/\/999roads.wordpress.com\/\">999 roads<\/a> .<br \/>\n<a href=\"http:\/\/analogicznie.wordpress.com\/\">analogicznie<\/a> .<br \/>\n<a href=\"http:\/\/audiovoodoo.org\/\">audiovoodoo<\/a> .<br \/>\n<a href=\"http:\/\/bartpogoda.net\">bart pogoda<\/a> .<br \/>\n<a href=\"http:\/\/www.bighappyfunhouse.com\">bighappyfunhouse<\/a> .<br \/>\n<a href=\"http:\/\/blindspot.blox.pl\/html\">blindspot<\/a> .<br \/>\n<a href=\"http:\/\/blogdebart.pl\/\">blog de bart<\/a> .<br \/>\n<a href=\"http:\/\/www.bluedog.pl\/\" target=\"_blank\">bluedog<\/a> .<br \/>\n<a href=\"http:\/\/bronikowski.com\/\">bronikowski<\/a> .<br \/>\n<a href=\"http:\/\/igod.tumblr.com\/\">czajnik vs. toster<\/a> .<br \/>\n<a href=\"http:\/\/doskonaleszare.blox.pl\/html\">doskonale szare<\/a> .<br \/>\n<a href=\"http:\/\/drescesarza.blox.pl\/html\">dres cesarza<\/a> .<br \/>\n<a href=\"http:\/\/dwuch.pl\">dwu Ch<\/a> .<br \/>\n<a href=\"http:\/\/dystopijnaprzyszloscwktorejmiastazostalyzniszczoneprzezpotwory.pl\/\">dystopijna przysz\u0142o\u015b\u0107, w kt\u00f3rej miasta zosta\u0142y zniszczone przez potwory<\/a> .<br \/>\n<a href=\"https:\/\/ekskursje.pl\/\">ekskursje w dyskursie<\/a> .<br \/>\n<a href=\"http:\/\/fiomonster.blogspot.com\/\">fio monster<\/a> .<br \/>\n<a href=\"http:\/\/foto.vontrompka.com\">fotovontrompka<\/a> .<br \/>\n<a href=\"http:\/\/frida.blox.pl\/html\">frida lyngstad<\/a> .<br \/>\n<a href=\"http:\/\/fsfsdfsdfsfsfdsdf.wordpress.com\/\">fsfsdfsdfsfsfdsdf<\/a> .<br \/>\n<a href=\"https:\/\/galopujacymajor.wordpress.com\">galopuj\u0105cy major<\/a> .<br \/>\n<a href=\"http:\/\/grzegorz8smy.digart.pl\/\">grzegorz8smy<\/a> .<br \/>\n<a href=\"http:\/\/hajfa.wordpress.com\/\">hajfa<\/a> .<br \/>\n<a href=\"http:\/\/www.karo.iwasz.pl\/blog\/\">jesie\u0144 fetyszysty<\/a> .<br \/>\n<a href=\"http:\/\/jokohana.blox.pl\/html\">jokohana<\/a> .<br \/>\n<a href=\"http:\/\/kapitankamikaze.blogspot.com\">kapitan kamikaze<\/a> .<br \/>\n<a href=\"http:\/\/dybuk.wordpress.com\/\">kopiec kreta<\/a> .<br \/>\n<a href=\"http:\/\/raider55.blox.pl\/html\">koszmary architektury<\/a> .<br \/>\n<a href=\"http:\/\/lafo2.blogspot.ca\/\">lafo<\/a> .<br \/>\n<a href=\"http:\/\/leniuch.blox.pl\/html\">leniuch<\/a> .<br \/>\n<a href=\"http:\/\/www.ultramaryna.pl\/mkk\/\">marceli szpak<\/a> .<br \/>\n<a href=\"http:\/\/mattiasa.blogspot.com\/\">mattias inks<\/a> .<br \/>\n<a href=\"https:\/\/andsol.wordpress.com\/\">migotanie s\u0142\u00f3w<\/a> .<br \/>\n<a href=\"http:\/\/mimimbla.blox.pl\/html\">mimimbla<\/a> .<br \/>\n<a href=\"http:\/\/mlodyfizyk.blox.pl\/html\">m\u0142ody fizyk<\/a> .<br \/>\n<a href=\"http:\/\/mrowkodzik.wordpress.com\/\">mr\u00f3wkodzik<\/a> .<br \/>\n<a href=\"http:\/\/mrw.blox.pl\/html\">mrw<\/a> .<br \/>\n<a href=\"http:\/\/nameste.litglog.org\/\">nameste<\/a> .<br \/>\n<a href=\"http:\/\/naturalnasprawa.blox.pl\/html\">naturalna sprawa<\/a> .<br \/>\n<a href=\"http:\/\/netaudiocafe.blogspot.com\/\">netaudio caf\u00e9<\/a> .<br \/>\n<a href=\"http:\/\/niepospoliciludzie.blogspot.com\/\">niepospolici ludzie<\/a> .<br \/>\n<a href=\"http:\/\/faust.blox.pl\/html\">nocnik czyli dziennik<\/a> .<br \/>\n<a href=\"http:\/\/nrdblog.cmosnet.eu\/\">nrd<\/a> .<br \/>\n<a href=\"http:\/\/onedayonetie.blogspot.com\/\">one day, one tie<\/a> .<br \/>\n<a href=\"http:\/\/oneonie.blox.pl\/html\">oneonie<\/a> .<br \/>\n<a href=\"http:\/\/www.ooops.pl\">ooops<\/a> .<br \/>\n<a href=\"http:\/\/pajeczaki-blog.blogspot.com\/\">pajeczaki<\/a> .<br \/>\n<a href=\"http:\/\/panpyrka.wordpress.com\/\">pan pyrka<\/a> .<br \/>\n<a href=\"http:\/\/www.pbfcomics.com\/\">pbf<\/a> .<br \/>\n<a href=\"http:\/\/alphileo.wordpress.com\/\">phileo<\/a> .<br \/>\n<a href=\"https:\/\/vetulani.wordpress.com\/\">pi\u0119kno neurobiologii<\/a> .<br \/>\n<a href=\"http:\/\/www.ultramaryna.pl\/pzp\/\">poczt\u00f3wki z paranoi<\/a> .<br \/>\n<a href=\"http:\/\/przedmioty.com\/\">przedmioty<\/a> .<br \/>\n<a href=\"http:\/\/pulpa.blox.pl\">pulpa<\/a> .<br \/>\n<a href=\"http:\/\/pytania.wordpress.com\/\">pytania<\/a> .<br \/>\n<a href=\"http:\/\/blog.renatadabrowska.com\/\">renata d\u0105browska<\/a> .<br \/>\n<a href=\"http:\/\/romeksamolotphoto.wordpress.com\/\">romek samolot<\/a> .<br \/>\n<a href=\"http:\/\/rysunki.me\/\">rysunki.me<\/a> .<br \/>\n<a href=\"http:\/\/www.shapes.pl\/\">shapes.pl<\/a> .<br \/>\n<a href=\"https:\/\/sporothrix.wordpress.com\/\">sporothrix<\/a> .<br \/>\n<a href=\"http:\/\/strachprzed.blox.pl\/html\">strach przed lataniem<\/a> .<br \/>\n<a href=\"http:\/\/theselvedgeyard.wordpress.com\/\">the selvedge yard<\/a> .<br \/>\n<a href=\"http:\/\/tobrze.wordpress.com\/\">tobrze<\/a> .<br \/>\n<a href=\"http:\/\/www.thomasonline.pl\/\">tomasz przetacznik<\/a> .<br \/>\n<a href=\"http:\/\/transformacja.blox.pl\/html\">transformacja<\/a> .<br \/>\n<a href=\"http:\/\/voids.blox.pl\/html\">voids<\/a> .<br \/>\n<a href=\"http:\/\/www.vontrompka.com\/raz\">vontrompka raz<\/a> .<br \/>\n<a href=\"http:\/\/warsawid.blogspot.com\/\">warszawska identyfikacja<\/a> .<br \/>\n<a href=\"http:\/\/wszystkojestmozliwe.wordpress.com\/\">wszystko jest mo\u017cliwe<\/a> .<br \/>\n<a href=\"http:\/\/wypijmy.wordpress.com\">wypijmy<\/a> .<br \/>\n<a href=\"http:\/\/zazie.com.pl\/\">zazie<\/a> .<br \/>\n<a href=\"http:\/\/zbiodra.wordpress.com\/\">zbiodra<\/a> .<br \/>\n<a href=\"http:\/\/zdaniapolpelne.blox.pl\/html\">zdania p\u00f3\u0142pe\u0142ne<\/a> .<br \/>\n<a href=\"http:\/\/zero925.blox.pl\/html\">zero925<\/a> .<br \/>\n<a href=\"http:\/\/zlewiersze.wordpress.com\/\">z\u0142e wiersze<\/a> .<br \/>\n<a href=\"http:\/\/zycie-na-kreske.blogspot.com\/\">\u017cycie na kresk\u0119<\/a> .\n<\/div>\n","protected":false},"excerpt":{"rendered":"<p>kt\u00f3rzy klikani: 999 roads . analogicznie . audiovoodoo . bart pogoda . bighappyfunhouse . blindspot . blog de bart . bluedog . bronikowski . czajnik vs. toster . doskonale szare . dres cesarza . dwu Ch . dystopijna przysz\u0142o\u015b\u0107, w kt\u00f3rej miasta zosta\u0142y zniszczone przez potwory . ekskursje w dyskursie . fio monster . fotovontrompka [&hellip;]<\/p>\n","protected":false},"author":1,"featured_media":0,"parent":0,"menu_order":0,"comment_status":"closed","ping_status":"closed","template":"","meta":{"footnotes":""},"class_list":["post-2819","page","type-page","status-publish","hentry"],"aioseo_notices":[],"_links":{"self":[{"href":"https:\/\/www.vontrompka.com\/blog\/wp-json\/wp\/v2\/pages\/2819","targetHints":{"allow":["GET"]}}],"collection":[{"href":"https:\/\/www.vontrompka.com\/blog\/wp-json\/wp\/v2\/pages"}],"about":[{"href":"https:\/\/www.vontrompka.com\/blog\/wp-json\/wp\/v2\/types\/page"}],"author":[{"embeddable":true,"href":"https:\/\/www.vontrompka.com\/blog\/wp-json\/wp\/v2\/users\/1"}],"replies":[{"embeddable":true,"href":"https:\/\/www.vontrompka.com\/blog\/wp-json\/wp\/v2\/comments?post=2819"}],"version-history":[{"count":39,"href":"https:\/\/www.vontrompka.com\/blog\/wp-json\/wp\/v2\/pages\/2819\/revisions"}],"predecessor-version":[{"id":7215,"href":"https:\/\/www.vontrompka.com\/blog\/wp-json\/wp\/v2\/pages\/2819\/revisions\/7215"}],"wp:attachment":[{"href":"https:\/\/www.vontrompka.com\/blog\/wp-json\/wp\/v2\/media?parent=2819"}],"curies":[{"name":"wp","href":"https:\/\/api.w.org\/{rel}","templated":true}]}}